{"id":2925,"date":"2023-03-24T17:22:44","date_gmt":"2023-03-24T21:22:44","guid":{"rendered":"https:\/\/iac-caribbean.com\/conference\/?page_id=2925"},"modified":"2023-11-08T20:39:03","modified_gmt":"2023-11-09T00:39:03","slug":"speakers-2023","status":"publish","type":"page","link":"https:\/\/iac-caribbean.com\/conference\/speakers-2023\/","title":{"rendered":"Speakers 2023"},"content":{"rendered":"<div id=\"cs-content\" class=\"cs-content\"><\/div>\n","protected":false},"excerpt":{"rendered":"<p>Marcelo Assun\u00e7\u00e3oRegional CEO Latin America and the Caribbean &#8211; LIMRA and LOMAView PresentationMarcelo Assun\u00e7\u00e3o is the Regional CEO Latin American and the Caribbean for LIMRA and LOMA. Prior to joining LIMRA and LOMA he held various industry roles, including Strategic Consultant for Aetna International, Regional Director for Icatu Seguros, Corporate Business Director for MetLife and AVP for Marsh. Marcelo has &#8230; <a href=\"https:\/\/iac-caribbean.com\/conference\/speakers-2023\/\" class=\"more-link\">Read More<\/a><\/p>\n","protected":false},"author":23,"featured_media":0,"parent":0,"menu_order":0,"comment_status":"closed","ping_status":"closed","template":"","meta":{"_cbd_carousel_blocks":"[]","rs_blank_template":"","rs_page_bg_color":"","slide_template_v7":"","footnotes":""},"class_list":["post-2925","page","type-page","status-publish","hentry","no-post-thumbnail"],"_links":{"self":[{"href":"https:\/\/iac-caribbean.com\/conference\/wp-json\/wp\/v2\/pages\/2925","targetHints":{"allow":["GET"]}}],"collection":[{"href":"https:\/\/iac-caribbean.com\/conference\/wp-json\/wp\/v2\/pages"}],"about":[{"href":"https:\/\/iac-caribbean.com\/conference\/wp-json\/wp\/v2\/types\/page"}],"author":[{"embeddable":true,"href":"https:\/\/iac-caribbean.com\/conference\/wp-json\/wp\/v2\/users\/23"}],"replies":[{"embeddable":true,"href":"https:\/\/iac-caribbean.com\/conference\/wp-json\/wp\/v2\/comments?post=2925"}],"version-history":[{"count":0,"href":"https:\/\/iac-caribbean.com\/conference\/wp-json\/wp\/v2\/pages\/2925\/revisions"}],"wp:attachment":[{"href":"https:\/\/iac-caribbean.com\/conference\/wp-json\/wp\/v2\/media?parent=2925"}],"curies":[{"name":"wp","href":"https:\/\/api.w.org\/{rel}","templated":true}]}}